{"id":5219,"date":"2020-05-29T15:25:10","date_gmt":"2020-05-29T15:25:10","guid":{"rendered":"https:\/\/casapepemataro.com\/reservations\/"},"modified":"2023-01-18T12:18:43","modified_gmt":"2023-01-18T12:18:43","slug":"reservations","status":"publish","type":"page","link":"https:\/\/casapepemataro.com\/fr\/reservations\/","title":{"rendered":"R\u00e9servations"},"content":{"rendered":"<div class=\"fusion-fullwidth fullwidth-box fusion-builder-row-1 fusion-flex-container nonhundred-percent-fullwidth non-hundred-percent-height-scrolling\" style=\"--awb-border-radius-top-left:0px;--awb-border-radius-top-right:0px;--awb-border-radius-bottom-right:0px;--awb-border-radius-bottom-left:0px;--awb-padding-top:0%;--awb-padding-bottom:2%;--awb-flex-wrap:wrap;\" ><div class=\"fusion-builder-row fusion-row fusion-flex-align-items-flex-start fusion-flex-content-wrap\" style=\"max-width:calc( 1375px + 0px );margin-left: calc(-0px \/ 2 );margin-right: calc(-0px \/ 2 );\"><div class=\"fusion-layout-column fusion_builder_column fusion-builder-column-0 fusion_builder_column_1_1 1_1 fusion-flex-column\" style=\"--awb-padding-top:5%;--awb-padding-right:10%;--awb-padding-bottom:0%;--awb-padding-left:10%;--awb-bg-size:cover;--awb-width-large:100%;--awb-margin-top-large:0px;--awb-spacing-right-large:0px;--awb-margin-bottom-large:2%;--awb-spacing-left-large:0px;--awb-width-medium:100%;--awb-spacing-right-medium:0px;--awb-spacing-left-medium:0px;--awb-width-small:100%;--awb-spacing-right-small:0px;--awb-spacing-left-small:0px;\"><div class=\"fusion-column-wrapper fusion-column-has-shadow fusion-flex-justify-content-flex-start fusion-content-layout-column\"><div class=\"fusion-title title fusion-title-1 fusion-sep-none fusion-title-center fusion-title-text fusion-title-size-two\" style=\"--awb-text-color:#b53534;--awb-font-size:40px;\"><h2 class=\"fusion-title-heading title-heading-center fusion-responsive-typography-calculated\" style=\"margin:0;font-size:1em;--fontSize:40;line-height:1.5;\">Vous pouvez r\u00e9server votre table d\u00e8s maintenant !<\/h2><\/div><div class=\"fusion-text fusion-text-1\"><p>Chez <strong>Casa Pepe<\/strong>, nous nous soucions beaucoup de votre s\u00e9curit\u00e9 et de celle de nos employ\u00e9s. En raison des probl\u00e8mes actuels caus\u00e9s par le <strong>COVID-19.<\/strong> Nous avons con\u00e7u des <strong>horaires<\/strong> et des <strong>\u00e9quipes<\/strong>, afin de pouvoir respecter pleinement les <strong>mesures de s\u00e9curit\u00e9 obligatoires<\/strong>. <span class=\"Y2IQFc\" lang=\"fr\">Chez Casa Pepe, votre s\u00e9curit\u00e9 et celle de nos employ\u00e9s est tr\u00e8s importante pour nous. Nous sommes ouverts du lundi au mercredi ferm\u00e9 Du jeudi au dimanche de 9h00 \u00e0 17h00 et de 20h00 \u00e0 22h00.<\/span><\/p>\n<\/div><div style=\"text-align:center;\"><a class=\"fusion-button button-flat fusion-button-default-size button-default fusion-button-default button-1 fusion-button-default-span fusion-button-default-type\" target=\"_self\" href=\"tel : +34626976895\"><span class=\"fusion-button-text\">RESERVEZ !<\/span><\/a><\/div><\/div><\/div><\/div><\/div>\n","protected":false},"excerpt":{"rendered":"","protected":false},"author":1,"featured_media":5073,"parent":0,"menu_order":0,"comment_status":"closed","ping_status":"closed","template":"100-width.php","meta":{"om_disable_all_campaigns":false,"_monsterinsights_skip_tracking":false,"_monsterinsights_sitenote_active":false,"_monsterinsights_sitenote_note":"","_monsterinsights_sitenote_category":0},"aioseo_notices":[],"_links":{"self":[{"href":"https:\/\/casapepemataro.com\/fr\/wp-json\/wp\/v2\/pages\/5219"}],"collection":[{"href":"https:\/\/casapepemataro.com\/fr\/wp-json\/wp\/v2\/pages"}],"about":[{"href":"https:\/\/casapepemataro.com\/fr\/wp-json\/wp\/v2\/types\/page"}],"author":[{"embeddable":true,"href":"https:\/\/casapepemataro.com\/fr\/wp-json\/wp\/v2\/users\/1"}],"replies":[{"embeddable":true,"href":"https:\/\/casapepemataro.com\/fr\/wp-json\/wp\/v2\/comments?post=5219"}],"version-history":[{"count":3,"href":"https:\/\/casapepemataro.com\/fr\/wp-json\/wp\/v2\/pages\/5219\/revisions"}],"predecessor-version":[{"id":5392,"href":"https:\/\/casapepemataro.com\/fr\/wp-json\/wp\/v2\/pages\/5219\/revisions\/5392"}],"wp:featuredmedia":[{"embeddable":true,"href":"https:\/\/casapepemataro.com\/fr\/wp-json\/wp\/v2\/media\/5073"}],"wp:attachment":[{"href":"https:\/\/casapepemataro.com\/fr\/wp-json\/wp\/v2\/media?parent=5219"}],"curies":[{"name":"wp","href":"https:\/\/api.w.org\/{rel}","templated":true}]}}